{"id":123,"date":"2023-10-31T11:01:49","date_gmt":"2023-10-31T11:01:49","guid":{"rendered":"https:\/\/eloquent-albattani.5-75-184-78.plesk.page\/?page_id=123"},"modified":"2023-10-31T11:02:49","modified_gmt":"2023-10-31T11:02:49","slug":"impressum","status":"publish","type":"page","link":"https:\/\/eloquent-albattani.5-75-184-78.plesk.page\/index.php\/impressum\/","title":{"rendered":"Impressum"},"content":{"rendered":"<p>[et_pb_section fb_built=&#8220;1&#8243; theme_builder_area=&#8220;post_content&#8220; _builder_version=&#8220;4.23&#8243; _module_preset=&#8220;default&#8220;][et_pb_row _builder_version=&#8220;4.23&#8243; _module_preset=&#8220;default&#8220; theme_builder_area=&#8220;post_content&#8220;][et_pb_column _builder_version=&#8220;4.23&#8243; _module_preset=&#8220;default&#8220; type=&#8220;4_4&#8243; theme_builder_area=&#8220;post_content&#8220;][et_pb_text _builder_version=&#8220;4.23&#8243; _module_preset=&#8220;default&#8220; theme_builder_area=&#8220;post_content&#8220; header_font=&#8220;Suranna||||||||&#8220; header_font_size=&#8220;4vw&#8220; hover_enabled=&#8220;0&#8243; sticky_enabled=&#8220;0&#8243;]<\/p>\n<h1>Impressum<\/h1>\n<p>&nbsp;<\/p>\n<p>&nbsp;<\/p>\n<div id=\"TextContainer\">\n<p><strong>Kanzlei Susanne Boller<\/strong><br \/><strong>Sitz:<span>\u00a0<\/span><\/strong>Stettiner Weg 15, D-65719 Hofheim\/Ts.\u2028<br \/><strong>USt-IdNr.:<\/strong><span>\u00a0<\/span>DE213925021<\/p>\n<p><strong>Inhaltlich Verantwortlicher gem\u00e4\u00df \u00a7 55 Absatz 2 RStV:\u2028<\/strong><br \/>RA Susanne Boller<br \/>Stettiner Weg 15<br \/>D-65719 Hofheim\/Ts.<\/p>\n<p><strong>Partner f\u00fcr die Erstellung dieser Homepage<\/strong><\/p>\n<p>Konzept, Text und Redaktion:<br \/><a href=\"http:\/\/www.niceconsult.de\/Communications\" target=\"_blank\" rel=\"noopener\">\u2028Katrin Lindow-Schr\u00f6der M.A., Bad Nauheim<\/a><\/p>\n<p>Gestaltung und Layout:<br \/><a href=\"http:\/\/www.schaefer-goetz.de\/\" target=\"_blank\" rel=\"noopener\">Melanie Sch\u00e4fer, Butzbach<\/a><\/p>\n<p>Programmierung und technische Umsetzung:<br \/><a href=\"http:\/\/www.patrickleipold.net\/\" target=\"_blank\" rel=\"noopener\">Patrick Leipold, Gie\u00dfen<\/a><\/p>\n<p><u><strong>Angaben nach \u00a7 5 TMG und DL-InfoV<\/strong><\/u><\/p>\n<p><strong>Zulassung:<\/strong><br \/>Susanne Boller ist in der Bundesrepublik Deutschland als Rechtsanw\u00e4ltin zugelassen und geh\u00f6rt der<span>\u00a0<\/span><a href=\"http:\/\/www.rechtsanwaltskammer-ffm.de\/\" target=\"_blank\" rel=\"noopener\">Rechtsanwaltskammer Frankfurt am Main<\/a><span>\u00a0<\/span>an.<\/p>\n<p><strong>Berufsrechtliche Regelungen:<\/strong><br \/>Es gelten folgende berufsrechtliche Regelungen, die auf den Internetseiten der<span>\u00a0<\/span><a href=\"http:\/\/www.brak.de\/\" target=\"_blank\" rel=\"noopener\">Bundesrechtsanwaltskammer<\/a><span>\u00a0<\/span>in der Rubrik &#8222;Berufsrecht&#8220; eingesehen werden k\u00f6nnen:<\/p>\n<ul>\n<li>\n<p>BRAO &#8211; Bundesrechtsanwaltsordnung<\/p>\n<\/li>\n<li>\n<p>BORA &#8211; Berufsordnung f\u00fcr Rechtsanw\u00e4lte<\/p>\n<\/li>\n<li>\n<p>FAO &#8211; Fachanwaltsordnung<\/p>\n<\/li>\n<li>\n<p>RVG &#8211; Rechtsanwaltsverg\u00fctungsgesetz<\/p>\n<\/li>\n<li>\n<p>CCBE &#8211; Berufsregeln der Rechtsanw\u00e4lte der Europ\u00e4ischen Union<\/p>\n<\/li>\n<\/ul>\n<p>Die Wahrnehmung widerstreitender Interessen ist Rechtsanw\u00e4lten aufgrund berufsrechtlicher Regelungen untersagt (\u00a7 43a Abs. 4 BRAO). Vor Annahme eines Mandates wird deshalb immer gepr\u00fcft, ob ein Interessenkonflikt vorliegt.<\/p>\n<p><strong>Au\u00dfergerichtliche Streitschlichtung:<\/strong><br \/>Bei Streitigkeiten zwischen Rechtsanw\u00e4lten und ihren Auftraggebern besteht auf Antrag die M\u00f6glichkeit der au\u00dfergerichtlichen Streitschlichtung bei der regionalen Rechtsanwaltskammer Frankfurt am Main (gem\u00e4\u00df \u00a7 73 Abs. 2 Nr. 3 i.V.m. \u00a7 73 Abs. 5 BRAO) oder bei der Schlichtungsstelle der Rechtsanwaltschaft (\u00a7\u00a0191f BRAO) bei der Bundesrechtsanwaltskammer, im Internet zu finden \u00fcber die Homepage der<span>\u00a0<\/span><a href=\"http:\/\/www.brak.de\/\" target=\"_blank\" rel=\"noopener\">Bundesrechtsanwaltskammer<\/a>.<\/p>\n<p><strong>Berufshaftpflichtversicherung:<\/strong><br \/>ERGO Versicherung AG, Victoriaplatz 1, 40198 D\u00fcsseldorf.<br \/>Der r\u00e4umliche Geltungsbereich des Versicherungsschutzes umfasst T\u00e4tigkeiten in Europa und gen\u00fcgt damit mindestens den Anforderungen der Vorschriften gem\u00e4\u00df \u00a7 51 BRAO.<\/p>\n<p><strong>Urheberrecht<\/strong><br \/>Layout und Gestaltung der Seiten insgesamt sowie die einzelnen Elemente sind urheberrechtlich gesch\u00fctzt. Gleiches gilt f\u00fcr die redaktionellen Beitr\u00e4ge im Einzelnen sowie ihre Auswahl und Zusammenstellung. Eine Verwendung der Inhalte darf nur mit ausdr\u00fccklicher Zustimmung von Susanne Boller erfolgen.<\/p>\n<p><strong>Haftungsausschluss<\/strong><br \/>Susanne Boller \u00fcbernimmt keine Gew\u00e4hr daf\u00fcr, dass die auf dieser Website bereitgestellten Informationen vollst\u00e4ndig, richtig und in jedem Fall aktuell sind. Dies gilt auch f\u00fcr etwaige Verbindungen (&#8222;Links&#8220;), auf die diese Website direkt oder indirekt verweist. F\u00fcr den Inhalt der verlinkten Seiten sind ausschlie\u00dflich deren Betreiber verantwortlich. Susanne Boller ist f\u00fcr den Inhalt einer Seite, die mit einem solchen Link erreicht wird, nicht verantwortlich. Sie macht sich deren Inhalt nicht zu Eigen. Alle Links sind lediglich als wertfreier Hinweis auf das bestehende, von Dritten erstellte Angebot anzusehen. Voranstehende Haftungsausschl\u00fcsse gelten nicht, wenn eine vors\u00e4tzliche oder grob fahrl\u00e4ssige Pflichtverletzung vorliegt sowie bei einer Verletzung des Lebens, des K\u00f6rpers oder der Gesundheit.<\/p>\n<\/div>\n<p>[\/et_pb_text][\/et_pb_column][\/et_pb_row][\/et_pb_section]<\/p>\n","protected":false},"excerpt":{"rendered":"<p>Impressum &nbsp; &nbsp; Kanzlei Susanne BollerSitz:\u00a0Stettiner Weg 15, D-65719 Hofheim\/Ts.\u2028USt-IdNr.:\u00a0DE213925021 Inhaltlich Verantwortlicher gem\u00e4\u00df \u00a7 55 Absatz 2 RStV:\u2028RA Susanne BollerStettiner Weg 15D-65719 Hofheim\/Ts. Partner f\u00fcr die Erstellung dieser Homepage Konzept, Text und Redaktion:\u2028Katrin Lindow-Schr\u00f6der M.A., Bad Nauheim Gestaltung und Layout:Melanie Sch\u00e4fer, Butzbach Programmierung und technische Umsetzung:Patrick Leipold, Gie\u00dfen Angaben nach \u00a7 5 TMG und DL-InfoV [&hellip;]<\/p>\n","protected":false},"author":1,"featured_media":0,"parent":0,"menu_order":0,"comment_status":"closed","ping_status":"closed","template":"","meta":{"_et_pb_use_builder":"on","_et_pb_old_content":"","_et_gb_content_width":"","footnotes":""},"class_list":["post-123","page","type-page","status-publish","hentry"],"_links":{"self":[{"href":"https:\/\/eloquent-albattani.5-75-184-78.plesk.page\/index.php\/wp-json\/wp\/v2\/pages\/123","targetHints":{"allow":["GET"]}}],"collection":[{"href":"https:\/\/eloquent-albattani.5-75-184-78.plesk.page\/index.php\/wp-json\/wp\/v2\/pages"}],"about":[{"href":"https:\/\/eloquent-albattani.5-75-184-78.plesk.page\/index.php\/wp-json\/wp\/v2\/types\/page"}],"author":[{"embeddable":true,"href":"https:\/\/eloquent-albattani.5-75-184-78.plesk.page\/index.php\/wp-json\/wp\/v2\/users\/1"}],"replies":[{"embeddable":true,"href":"https:\/\/eloquent-albattani.5-75-184-78.plesk.page\/index.php\/wp-json\/wp\/v2\/comments?post=123"}],"version-history":[{"count":2,"href":"https:\/\/eloquent-albattani.5-75-184-78.plesk.page\/index.php\/wp-json\/wp\/v2\/pages\/123\/revisions"}],"predecessor-version":[{"id":125,"href":"https:\/\/eloquent-albattani.5-75-184-78.plesk.page\/index.php\/wp-json\/wp\/v2\/pages\/123\/revisions\/125"}],"wp:attachment":[{"href":"https:\/\/eloquent-albattani.5-75-184-78.plesk.page\/index.php\/wp-json\/wp\/v2\/media?parent=123"}],"curies":[{"name":"wp","href":"https:\/\/api.w.org\/{rel}","templated":true}]}}