{"id":11,"date":"2023-09-28T07:55:39","date_gmt":"2023-09-28T07:55:39","guid":{"rendered":"https:\/\/eloquent-albattani.5-75-184-78.plesk.page\/?page_id=11"},"modified":"2023-10-31T11:08:42","modified_gmt":"2023-10-31T11:08:42","slug":"home","status":"publish","type":"page","link":"https:\/\/eloquent-albattani.5-75-184-78.plesk.page\/","title":{"rendered":"Home"},"content":{"rendered":"<p>[et_pb_section fb_built=&#8220;1&#8243; custom_padding_last_edited=&#8220;on|phone&#8220; admin_label=&#8220;Header&#8220; _builder_version=&#8220;4.16&#8243; background_color=&#8220;#f3f1f2&#8243; custom_padding=&#8220;100px|0px|0|0px|false|false&#8220; custom_padding_tablet=&#8220;80px||80px||true&#8220; custom_padding_phone=&#8220;50px||50px||true&#8220; global_colors_info=&#8220;{}&#8220;][et_pb_row column_structure=&#8220;1_2,1_2&#8243; make_equal=&#8220;on&#8220; padding_top_bottom_link_1=&#8220;false&#8220; padding_top_bottom_link_2=&#8220;false&#8220; padding_left_right_link_1=&#8220;true&#8220; padding_left_right_link_2=&#8220;true&#8220; module_class=&#8220; et_pb_row_fullwidth&#8220; _builder_version=&#8220;4.23&#8243; background_color=&#8220;#e0afa0&#8243; width=&#8220;89%&#8220; width_tablet=&#8220;80%&#8220; width_phone=&#8220;80%&#8220; width_last_edited=&#8220;on|desktop&#8220; max_width=&#8220;89%&#8220; max_width_tablet=&#8220;80%&#8220; max_width_phone=&#8220;80%&#8220; max_width_last_edited=&#8220;on|desktop&#8220; custom_padding=&#8220;0|0px|0|0px|false|false&#8220; make_fullwidth=&#8220;on&#8220; global_colors_info=&#8220;{}&#8220;][et_pb_column type=&#8220;1_2&#8243; _builder_version=&#8220;4.23&#8243; background_color=&#8220;#f3f1f2&#8243; use_background_color_gradient=&#8220;on&#8220; background_color_gradient_stops=&#8220;#f3f1f2 25%|rgba(243,241,242,0) 100%&#8220; background_color_gradient_start=&#8220;#f3f1f2&#8243; background_color_gradient_start_position=&#8220;25%&#8220; background_color_gradient_end=&#8220;rgba(243,241,242,0)&#8220; background_image=&#8220;https:\/\/eloquent-albattani.5-75-184-78.plesk.page\/wp-content\/uploads\/2023\/10\/DSC_3346-scaled.jpg&#8220; custom_padding=&#8220;10vw|40px|80px|40px&#8220; custom_padding_tablet=&#8220;|5vw||5vw||true&#8220; custom_padding_phone=&#8220;|5vw||5vw||true&#8220; custom_padding_last_edited=&#8220;on|phone&#8220; global_colors_info=&#8220;{}&#8220; custom_padding__hover=&#8220;|||&#8220;][et_pb_divider color=&#8220;#e8c3ad&#8220; _builder_version=&#8220;4.16&#8243; transform_translate=&#8220;-80px|0px&#8220; max_width=&#8220;200px&#8220; locked=&#8220;off&#8220; global_colors_info=&#8220;{}&#8220;][\/et_pb_divider][\/et_pb_column][et_pb_column type=&#8220;1_2&#8243; _builder_version=&#8220;4.23&#8243; background_color=&#8220;#30518d&#8220; custom_padding=&#8220;80px|80px|0px|80px&#8220; custom_padding_tablet=&#8220;|5vw||5vw||true&#8220; custom_padding_phone=&#8220;|5vw||5vw||true&#8220; custom_padding_last_edited=&#8220;on|desktop&#8220; global_colors_info=&#8220;{}&#8220; custom_padding__hover=&#8220;|||&#8220;][et_pb_text _builder_version=&#8220;4.23&#8243; text_font=&#8220;Work Sans|600|||||||&#8220; text_line_height=&#8220;2em&#8220; header_font=&#8220;Suranna|||on|||||&#8220; header_text_color=&#8220;#FFFFFF&#8220; header_font_size=&#8220;4vw&#8220; header_letter_spacing=&#8220;1.5px&#8220; header_line_height=&#8220;1.2em&#8220; header_4_font=&#8220;Arial|700||on|||||&#8220; header_4_text_color=&#8220;#e0afa0&#8243; header_4_font_size=&#8220;12px&#8220; header_4_letter_spacing=&#8220;1.5px&#8220; header_4_line_height=&#8220;2em&#8220; custom_margin=&#8220;||0px&#8220; header_font_size_tablet=&#8220;10vw&#8220; header_font_size_phone=&#8220;32px&#8220; header_font_size_last_edited=&#8220;on|desktop&#8220; border_color_all=&#8220;#f3f1f2&#8243; locked=&#8220;off&#8220; global_colors_info=&#8220;{}&#8220;]<\/p>\n<h4>Seit 2011<\/h4>\n<h1>Susanne Boller<\/h1>\n<p>[\/et_pb_text][et_pb_text _builder_version=&#8220;4.23&#8243; text_font=&#8220;Arial|600|||||||&#8220; text_text_color=&#8220;#FFFFFF&#8220; text_font_size=&#8220;18px&#8220; text_line_height=&#8220;1.4em&#8220; header_font=&#8220;||||||||&#8220; header_2_font=&#8220;Suranna|||on|||||&#8220; header_2_font_size=&#8220;3vw&#8220; header_2_line_height=&#8220;1.2em&#8220; header_4_font=&#8220;Raleway|700||on|||||&#8220; header_4_text_color=&#8220;#d94144&#8243; header_4_font_size=&#8220;12px&#8220; header_4_letter_spacing=&#8220;1.5px&#8220; header_4_line_height=&#8220;2em&#8220; border_color_all=&#8220;#f3f1f2&#8243; locked=&#8220;off&#8220; global_colors_info=&#8220;{}&#8220;]<\/p>\n<p>LL.M., Rechtsanw\u00e4lting und fachanw\u00e4ltin f\u00fcr Arbeitsrecht<\/p>\n<p>[\/et_pb_text][et_pb_divider color=&#8220;#e0afa0&#8243; _builder_version=&#8220;4.23&#8243; transform_translate=&#8220;-120px|0px&#8220; max_width=&#8220;200px&#8220; locked=&#8220;off&#8220; global_colors_info=&#8220;{}&#8220;][\/et_pb_divider][et_pb_text _builder_version=&#8220;4.23&#8243; text_font=&#8220;Arial|600|||||||&#8220; text_font_size=&#8220;16px&#8220; header_font=&#8220;||||||||&#8220; header_2_font=&#8220;Suranna|||on|||||&#8220; header_2_font_size=&#8220;3vw&#8220; header_2_line_height=&#8220;1.2em&#8220; header_3_font=&#8220;Arial|700||on|||||&#8220; header_3_font_size=&#8220;12px&#8220; header_3_letter_spacing=&#8220;1.5px&#8220; header_3_line_height=&#8220;2em&#8220; header_4_font=&#8220;||||||||&#8220; background_layout=&#8220;dark&#8220; header_2_font_size_tablet=&#8220;5vw&#8220; header_2_font_size_phone=&#8220;24px&#8220; header_2_font_size_last_edited=&#8220;on|phone&#8220; border_color_all=&#8220;#f3f1f2&#8243; locked=&#8220;off&#8220; global_colors_info=&#8220;{}&#8220;]<\/p>\n<p>info@boller-law.de<\/p>\n<p>[\/et_pb_text][et_pb_text _builder_version=&#8220;4.23&#8243; text_font=&#8220;Work Sans|600|||||||&#8220; header_font=&#8220;||||||||&#8220; header_2_font=&#8220;Suranna|||on|||||&#8220; header_2_font_size=&#8220;3vw&#8220; header_2_line_height=&#8220;1.2em&#8220; header_3_font=&#8220;Arial|700||on|||||&#8220; header_3_font_size=&#8220;15px&#8220; header_3_letter_spacing=&#8220;1.5px&#8220; header_3_line_height=&#8220;2em&#8220; header_4_font=&#8220;||||||||&#8220; background_layout=&#8220;dark&#8220; header_2_font_size_tablet=&#8220;5vw&#8220; header_2_font_size_phone=&#8220;24px&#8220; header_2_font_size_last_edited=&#8220;on|phone&#8220; border_color_all=&#8220;#f3f1f2&#8243; locked=&#8220;off&#8220; global_colors_info=&#8220;{}&#8220;]<\/p>\n<h3><span>+49 6192 \u2013 922 3156<\/span><\/h3>\n<p>[\/et_pb_text][et_pb_text _builder_version=&#8220;4.23&#8243; text_font=&#8220;Work Sans|600|||||||&#8220; header_font=&#8220;||||||||&#8220; header_2_font=&#8220;Suranna|||on|||||&#8220; header_2_font_size=&#8220;3vw&#8220; header_2_line_height=&#8220;1.2em&#8220; header_3_font=&#8220;Arial|700|||||||&#8220; header_3_font_size=&#8220;15px&#8220; header_3_letter_spacing=&#8220;1.5px&#8220; header_3_line_height=&#8220;2em&#8220; header_4_font=&#8220;||||||||&#8220; background_layout=&#8220;dark&#8220; header_2_font_size_tablet=&#8220;5vw&#8220; header_2_font_size_phone=&#8220;24px&#8220; header_2_font_size_last_edited=&#8220;on|phone&#8220; border_color_all=&#8220;#f3f1f2&#8243; locked=&#8220;off&#8220; global_colors_info=&#8220;{}&#8220;]<\/p>\n<h3><span>Stettiner Weg 15<\/span><br \/><span>D-65719 Hofheim\/Ts.<\/span><\/h3>\n<p>[\/et_pb_text][et_pb_button button_text=&#8220;Kontakt&#8220; button_alignment=&#8220;right&#8220; _builder_version=&#8220;4.23&#8243; custom_button=&#8220;on&#8220; button_text_size=&#8220;14px&#8220; button_text_color=&#8220;#ffffff&#8220; button_bg_color=&#8220;#e0afa0&#8243; button_border_width=&#8220;0px&#8220; button_border_radius=&#8220;0px&#8220; button_letter_spacing=&#8220;1px&#8220; button_font=&#8220;Arial|600|||||||&#8220; button_use_icon=&#8220;off&#8220; custom_margin=&#8220;|-80px||&#8220; custom_margin_tablet=&#8220;|-5vw||&#8220; custom_margin_phone=&#8220;&#8220; custom_margin_last_edited=&#8220;on|desktop&#8220; custom_padding=&#8220;24px|24px|24px|24px|true|true&#8220; hover_enabled=&#8220;0&#8243; locked=&#8220;off&#8220; global_colors_info=&#8220;{}&#8220; button_url=&#8220;#kontakt&#8220; sticky_enabled=&#8220;0&#8243;][\/et_pb_button][\/et_pb_column][\/et_pb_row][\/et_pb_section][et_pb_section fb_built=&#8220;1&#8243; admin_label=&#8220;Scroll Call to Action&#8220; _builder_version=&#8220;4.16&#8243; background_color=&#8220;#f3f1f2&#8243; global_colors_info=&#8220;{}&#8220;][et_pb_row column_structure=&#8220;2_5,3_5&#8243; use_custom_gutter=&#8220;on&#8220; gutter_width=&#8220;2&#8243; module_class=&#8220; et_pb_row_fullwidth&#8220; _builder_version=&#8220;4.16&#8243; width=&#8220;94%&#8220; width_tablet=&#8220;80%&#8220; width_phone=&#8220;80%&#8220; width_last_edited=&#8220;on|desktop&#8220; max_width=&#8220;94%&#8220; max_width_tablet=&#8220;80%&#8220; max_width_phone=&#8220;80%&#8220; max_width_last_edited=&#8220;on|desktop&#8220; make_fullwidth=&#8220;on&#8220; global_colors_info=&#8220;{}&#8220;][et_pb_column type=&#8220;2_5&#8243; _builder_version=&#8220;4.16&#8243; custom_padding=&#8220;|||&#8220; global_colors_info=&#8220;{}&#8220; custom_padding__hover=&#8220;|||&#8220;][et_pb_divider color=&#8220;#e0afa0&#8243; _builder_version=&#8220;4.23&#8243; custom_margin=&#8220;10px|||-1000px&#8220; locked=&#8220;off&#8220; global_colors_info=&#8220;{}&#8220;][\/et_pb_divider][\/et_pb_column][et_pb_column type=&#8220;3_5&#8243; _builder_version=&#8220;4.16&#8243; custom_padding=&#8220;|||&#8220; global_colors_info=&#8220;{}&#8220; custom_padding__hover=&#8220;|||&#8220;][et_pb_text _builder_version=&#8220;4.22.2&#8243; text_font=&#8220;Work Sans|600||on|||||&#8220; text_text_color=&#8220;#252b3a&#8220; text_font_size=&#8220;12px&#8220; text_letter_spacing=&#8220;2px&#8220; text_orientation=&#8220;center&#8220; max_width=&#8220;100px&#8220; custom_margin=&#8220;||0px&#8220; border_color_all=&#8220;#f3f1f2&#8243; locked=&#8220;off&#8220; global_colors_info=&#8220;{}&#8220;]<\/p>\n<p>Mehr erfahren<\/p>\n<p>[\/et_pb_text][et_pb_blurb use_icon=&#8220;on&#8220; font_icon=&#8220;&#x33;||divi||400&#8243; icon_color=&#8220;#252b3a&#8220; image_icon_width=&#8220;26px&#8220; _builder_version=&#8220;4.16&#8243; max_width=&#8220;100px&#8220; icon_font_size=&#8220;26px&#8220; global_colors_info=&#8220;{}&#8220;][\/et_pb_blurb][\/et_pb_column][\/et_pb_row][\/et_pb_section][et_pb_section fb_built=&#8220;1&#8243; admin_label=&#8220;Services&#8220; _builder_version=&#8220;4.16&#8243; background_color=&#8220;#f3f1f2&#8243; global_colors_info=&#8220;{}&#8220;][et_pb_row _builder_version=&#8220;4.16&#8243; locked=&#8220;off&#8220; global_colors_info=&#8220;{}&#8220;][et_pb_column type=&#8220;4_4&#8243; _builder_version=&#8220;4.16&#8243; custom_padding=&#8220;|||&#8220; global_colors_info=&#8220;{}&#8220; custom_padding__hover=&#8220;|||&#8220;][et_pb_text _builder_version=&#8220;4.23&#8243; text_font=&#8220;Work Sans|600|||||||&#8220; text_line_height=&#8220;2em&#8220; header_font=&#8220;||||||||&#8220; header_2_font=&#8220;Suranna||||||||&#8220; header_2_font_size=&#8220;60px&#8220; header_2_line_height=&#8220;1.2em&#8220; header_4_font=&#8220;Raleway|700||on|||||&#8220; header_4_text_color=&#8220;#d94144&#8243; header_4_font_size=&#8220;12px&#8220; header_4_letter_spacing=&#8220;1.5px&#8220; header_4_line_height=&#8220;2em&#8220; max_width=&#8220;600px&#8220; custom_margin=&#8220;||0px&#8220; header_2_font_size_tablet=&#8220;&#8220; header_2_font_size_phone=&#8220;24px&#8220; header_2_font_size_last_edited=&#8220;on|phone&#8220; border_color_all=&#8220;#f3f1f2&#8243; locked=&#8220;off&#8220; global_colors_info=&#8220;{}&#8220;]<\/p>\n<h2>Your Legal Issues Are Our Business.<\/h2>\n<p>[\/et_pb_text][\/et_pb_column][\/et_pb_row][et_pb_row column_structure=&#8220;1_4,1_4,1_4,1_4&#8243; _builder_version=&#8220;4.16&#8243; locked=&#8220;off&#8220; global_colors_info=&#8220;{}&#8220;][et_pb_column type=&#8220;1_4&#8243; _builder_version=&#8220;4.16&#8243; custom_padding=&#8220;|||&#8220; global_colors_info=&#8220;{}&#8220; custom_padding__hover=&#8220;|||&#8220;][et_pb_image src=&#8220;https:\/\/eloquent-albattani.5-75-184-78.plesk.page\/wp-content\/uploads\/2023\/09\/paralegal-icon-05.png&#8220; _builder_version=&#8220;4.16&#8243; custom_margin=&#8220;||20px&#8220; always_center_on_mobile=&#8220;off&#8220; global_colors_info=&#8220;{}&#8220;][\/et_pb_image][et_pb_text _builder_version=&#8220;4.16&#8243; text_font=&#8220;Work Sans||||||||&#8220; text_line_height=&#8220;2em&#8220; header_3_font=&#8220;Work Sans|600||on|||||&#8220; header_3_font_size=&#8220;12px&#8220; header_3_letter_spacing=&#8220;1.5px&#8220; locked=&#8220;off&#8220; global_colors_info=&#8220;{}&#8220;]<\/p>\n<h3>Criminal<\/h3>\n<p>\u00a0<span style=\"font-size: 14px;\">Curabitur aliquet quam id dui posuere blandit. Curabitur aliquet quam id dui posuere blandit. Vivamus suscipit eget felis porttitor volutpat. Vivamus suscipit tortor eget felis porttitor volutpat. Vivamus suscipit tortor eget felis porttitor volutpat. Curabitur arcu erat, accumsan id imperdiet et, porttitor at sem. Lorem ipsum dolor sit amet, cons\u00a0imperdiet et, porttitor at sem. Quisque velit nisi, pretium ut lacinia in, elementum id<\/span><\/p>\n<p>[\/et_pb_text][\/et_pb_column][et_pb_column type=&#8220;1_4&#8243; _builder_version=&#8220;4.16&#8243; custom_padding=&#8220;|||&#8220; global_colors_info=&#8220;{}&#8220; custom_padding__hover=&#8220;|||&#8220;][et_pb_image src=&#8220;https:\/\/eloquent-albattani.5-75-184-78.plesk.page\/wp-content\/uploads\/2023\/09\/paralegal-icon-03.png&#8220; _builder_version=&#8220;4.16&#8243; custom_margin=&#8220;||20px&#8220; always_center_on_mobile=&#8220;off&#8220; locked=&#8220;off&#8220; global_colors_info=&#8220;{}&#8220;][\/et_pb_image][et_pb_text _builder_version=&#8220;4.16&#8243; text_font=&#8220;Work Sans||||||||&#8220; text_line_height=&#8220;2em&#8220; header_3_font=&#8220;Work Sans|600||on|||||&#8220; header_3_font_size=&#8220;12px&#8220; header_3_letter_spacing=&#8220;1.5px&#8220; locked=&#8220;off&#8220; global_colors_info=&#8220;{}&#8220;]<\/p>\n<h3>Investment<\/h3>\n<p>Curabitur aliquet quam id dui posuere blandit. Curabitur aliquet quam id dui posuere blandit. Vivamus suscipit eget felis porttitor volutpat. Vivamus suscipit tortor eget felis porttitor volutpat. Vivamus suscipit tortor eget felis porttitor volutpat. Curabitur arcu erat, accumsan id imperdiet et, porttitor at sem. Lorem ipsum dolor sit amet, cons\u00a0imperdiet et, porttitor at sem. Quisque velit nisi, pretium ut lacinia in, elementum id<\/p>\n<p>[\/et_pb_text][\/et_pb_column][et_pb_column type=&#8220;1_4&#8243; _builder_version=&#8220;4.16&#8243; custom_padding=&#8220;|||&#8220; global_colors_info=&#8220;{}&#8220; custom_padding__hover=&#8220;|||&#8220;][et_pb_image src=&#8220;https:\/\/eloquent-albattani.5-75-184-78.plesk.page\/wp-content\/uploads\/2023\/09\/paralegal-icon-02.png&#8220; _builder_version=&#8220;4.16&#8243; custom_margin=&#8220;||20px&#8220; always_center_on_mobile=&#8220;off&#8220; locked=&#8220;off&#8220; global_colors_info=&#8220;{}&#8220;][\/et_pb_image][et_pb_text _builder_version=&#8220;4.16&#8243; text_font=&#8220;Work Sans||||||||&#8220; text_line_height=&#8220;2em&#8220; header_3_font=&#8220;Work Sans|600||on|||||&#8220; header_3_font_size=&#8220;12px&#8220; header_3_letter_spacing=&#8220;1.5px&#8220; locked=&#8220;off&#8220; global_colors_info=&#8220;{}&#8220;]<\/p>\n<h3>Business Law<\/h3>\n<p>Curabitur aliquet quam id dui posuere blandit. Curabitur aliquet quam id dui posuere blandit. Vivamus suscipit eget felis porttitor volutpat. Vivamus suscipit tortor eget felis porttitor volutpat. Vivamus suscipit tortor eget felis porttitor volutpat. Curabitur arcu erat, accumsan id imperdiet et, porttitor at sem. Lorem ipsum dolor sit amet, cons\u00a0imperdiet et, porttitor at sem. Quisque velit nisi, pretium ut lacinia in, elementum id<\/p>\n<p>[\/et_pb_text][\/et_pb_column][et_pb_column type=&#8220;1_4&#8243; _builder_version=&#8220;4.16&#8243; custom_padding=&#8220;|||&#8220; global_colors_info=&#8220;{}&#8220; custom_padding__hover=&#8220;|||&#8220;][et_pb_image src=&#8220;https:\/\/eloquent-albattani.5-75-184-78.plesk.page\/wp-content\/uploads\/2023\/09\/paralegal-icon-01.png&#8220; _builder_version=&#8220;4.16&#8243; custom_margin=&#8220;||20px&#8220; always_center_on_mobile=&#8220;off&#8220; locked=&#8220;off&#8220; global_colors_info=&#8220;{}&#8220;][\/et_pb_image][et_pb_text _builder_version=&#8220;4.16&#8243; text_font=&#8220;Work Sans||||||||&#8220; text_line_height=&#8220;2em&#8220; header_3_font=&#8220;Work Sans|600||on|||||&#8220; header_3_font_size=&#8220;12px&#8220; header_3_letter_spacing=&#8220;1.5px&#8220; locked=&#8220;off&#8220; global_colors_info=&#8220;{}&#8220;]<\/p>\n<h3>Software<\/h3>\n<p>Curabitur aliquet quam id dui posuere blandit. Curabitur aliquet quam id dui posuere blandit. Vivamus suscipit eget felis porttitor volutpat. Vivamus suscipit tortor eget felis porttitor volutpat. Vivamus suscipit tortor eget felis porttitor volutpat. Curabitur arcu erat, accumsan id imperdiet et, porttitor at sem. Lorem ipsum dolor sit amet, cons\u00a0imperdiet et, porttitor at sem. Quisque velit nisi, pretium ut lacinia in, elementum id<\/p>\n<p>[\/et_pb_text][\/et_pb_column][\/et_pb_row][et_pb_row _builder_version=&#8220;4.16&#8243; global_colors_info=&#8220;{}&#8220;][et_pb_column type=&#8220;4_4&#8243; _builder_version=&#8220;4.16&#8243; custom_padding=&#8220;|||&#8220; global_colors_info=&#8220;{}&#8220; custom_padding__hover=&#8220;|||&#8220;][et_pb_button button_text=&#8220;View Other Services&#8220; button_alignment=&#8220;center&#8220; _builder_version=&#8220;4.16&#8243; custom_button=&#8220;on&#8220; button_text_size=&#8220;14px&#8220; button_text_color=&#8220;#ffffff&#8220; button_bg_color=&#8220;#252b3a&#8220; button_border_width=&#8220;0px&#8220; button_border_color=&#8220;rgba(0,0,0,0)&#8220; button_border_radius=&#8220;0px&#8220; button_letter_spacing=&#8220;1px&#8220; button_font=&#8220;Work Sans|600|||||||&#8220; button_use_icon=&#8220;off&#8220; custom_padding=&#8220;20px|40px|20px|40px|true|true&#8220; locked=&#8220;off&#8220; global_colors_info=&#8220;{}&#8220; button_bg_color__hover_enabled=&#8220;on&#8220; button_bg_color__hover=&#8220;#384259&#8243;][\/et_pb_button][\/et_pb_column][\/et_pb_row][\/et_pb_section][et_pb_section fb_built=&#8220;1&#8243; admin_label=&#8220;Services&#8220; _builder_version=&#8220;4.16&#8243; background_color=&#8220;#f3f1f2&#8243; custom_padding=&#8220;54px|0px|100px|0px|false|false&#8220; global_colors_info=&#8220;{}&#8220;][et_pb_row column_structure=&#8220;2_5,3_5&#8243; _builder_version=&#8220;4.16&#8243; global_colors_info=&#8220;{}&#8220;][et_pb_column type=&#8220;2_5&#8243; _builder_version=&#8220;4.16&#8243; custom_padding=&#8220;|||&#8220; global_colors_info=&#8220;{}&#8220; custom_padding__hover=&#8220;|||&#8220;][et_pb_image src=&#8220;https:\/\/eloquent-albattani.5-75-184-78.plesk.page\/wp-content\/uploads\/2023\/09\/paralegal-03.png&#8220; align=&#8220;right&#8220; _builder_version=&#8220;4.16&#8243; transform_scale=&#8220;265%|265%&#8220; transform_scale_tablet=&#8220;100%|100%&#8220; transform_scale_phone=&#8220;&#8220; transform_scale_last_edited=&#8220;on|tablet&#8220; transform_translate_tablet=&#8220;&#8220; transform_translate_phone=&#8220;&#8220; transform_translate_last_edited=&#8220;on|desktop&#8220; transform_rotate_tablet=&#8220;&#8220; transform_rotate_phone=&#8220;&#8220; transform_rotate_last_edited=&#8220;on|desktop&#8220; transform_skew_tablet=&#8220;&#8220; transform_skew_phone=&#8220;&#8220; transform_skew_last_edited=&#8220;on|desktop&#8220; transform_origin=&#8220;100%|0%&#8220; transform_origin_tablet=&#8220;&#8220; transform_origin_phone=&#8220;&#8220; transform_origin_last_edited=&#8220;on|desktop&#8220; transform_styles_last_edited=&#8220;on|tablet&#8220; max_width=&#8220;200px&#8220; transform_styles_tablet=&#8220;&#8220; transform_styles_phone=&#8220;&#8220; always_center_on_mobile=&#8220;off&#8220; locked=&#8220;off&#8220; global_colors_info=&#8220;{}&#8220;][\/et_pb_image][\/et_pb_column][et_pb_column type=&#8220;3_5&#8243; _builder_version=&#8220;4.16&#8243; custom_padding=&#8220;|||&#8220; global_colors_info=&#8220;{}&#8220; custom_padding__hover=&#8220;|||&#8220;][et_pb_text _builder_version=&#8220;4.22.2&#8243; text_font=&#8220;Work Sans|600|||||||&#8220; text_line_height=&#8220;2em&#8220; header_font=&#8220;||||||||&#8220; header_2_font=&#8220;Arial||||||||&#8220; header_2_font_size=&#8220;60px&#8220; header_2_line_height=&#8220;1.2em&#8220; header_4_font=&#8220;|700||on|||||&#8220; header_4_text_color=&#8220;#d94144&#8243; header_4_font_size=&#8220;12px&#8220; header_4_letter_spacing=&#8220;1.5px&#8220; header_4_line_height=&#8220;2em&#8220; custom_margin=&#8220;||0px&#8220; header_2_font_size_tablet=&#8220;&#8220; header_2_font_size_phone=&#8220;24px&#8220; header_2_font_size_last_edited=&#8220;on|phone&#8220; border_color_all=&#8220;#f3f1f2&#8243; locked=&#8220;off&#8220; global_colors_info=&#8220;{}&#8220;]<\/p>\n<h4>Themen<\/h4>\n<h2><strong>Meine Fachthemen im \u00dcberblick:<\/strong><\/h2>\n<p>[\/et_pb_text][et_pb_text _builder_version=&#8220;4.22.2&#8243; text_font=&#8220;Work Sans|600|||||||&#8220; text_line_height=&#8220;2em&#8220; header_font=&#8220;||||||||&#8220; header_2_font=&#8220;Suranna|||on|||||&#8220; header_2_font_size=&#8220;3vw&#8220; header_2_line_height=&#8220;1.2em&#8220; header_4_font=&#8220;Raleway|700||on|||||&#8220; header_4_text_color=&#8220;#d94144&#8243; header_4_font_size=&#8220;12px&#8220; header_4_letter_spacing=&#8220;1.5px&#8220; header_4_line_height=&#8220;2em&#8220; border_color_all=&#8220;#f3f1f2&#8243; locked=&#8220;off&#8220; global_colors_info=&#8220;{}&#8220;]<\/p>\n<ul>\n<li>\n<p>Arbeitsrecht: Individual- und Kollektivarbeitsrecht<\/p>\n<\/li>\n<li>\n<p>Zivilrecht im Bereich Unternehmensbetreuung<\/p>\n<\/li>\n<li>\n<p>Spezialthemen<\/p>\n<\/li>\n<\/ul>\n<p>[\/et_pb_text][et_pb_text _builder_version=&#8220;4.22.2&#8243; text_font=&#8220;Work Sans||||||||&#8220; text_line_height=&#8220;2em&#8220; header_font=&#8220;||||||||&#8220; header_2_font=&#8220;Suranna|||on|||||&#8220; header_2_font_size=&#8220;3vw&#8220; header_2_line_height=&#8220;1.2em&#8220; header_4_font=&#8220;Raleway|700||on|||||&#8220; header_4_text_color=&#8220;#d94144&#8243; header_4_font_size=&#8220;12px&#8220; header_4_letter_spacing=&#8220;1.5px&#8220; header_4_line_height=&#8220;2em&#8220; border_color_all=&#8220;#f3f1f2&#8243; locked=&#8220;off&#8220; global_colors_info=&#8220;{}&#8220;]<\/p>\n<ul><\/ul>\n<p>Ein weiteres berufliches Bet\u00e4tigungsfeld ist meine T\u00e4tigkeit als Referentin und Dozentin zu aktuellen Themen im Arbeitsrecht \u2013 insbesondere zu folgenden Themen:<\/p>\n<ul>\n<li>Referentin des Fernlehrgangs zur Management-Assistentin bei IIR\/EUROFORUM Deutschland SE mit dem Themengebiet &#8222;Personalmanagement und Recht&#8220; mit folgenden Schwerpunkten:\n<ul>\n<li>GmbH, AG, Ltd.: Die wichtigsten Rechtsformen von Unternehmen<\/li>\n<li>Das 1&#215;1 des Vertragsrechts<\/li>\n<li>Rechtliche Aspekte der Personalbeschaffung und Personalverwaltung<\/li>\n<li>Arbeitsrecht mit AGG und Sozialversicherungsrecht<\/li>\n<\/ul>\n<\/li>\n<li>Arbeitsrecht in der Instandhaltung und im Serviceumfeld (2012\/2013)<\/li>\n<li>&#8222;Kompakt-Know-How Arbeitsrecht \u2013 von der Ausschreibung bis zum Zeugnis\u201c (1996 bis 2003)<\/li>\n<li>&#8222;Alles was &#8222;Recht&#8220; ist: Rechtliche Aspekte im Call Center Umfeld&#8220; (2002\/2003)<\/li>\n<li>&#8222;Verhandlungen mit dem Betriebsrat&#8220; (2001)<\/li>\n<li>&#8222;Flexible Arbeitsvertr\u00e4ge&#8220; (2000\/2001)<\/li>\n<li>&#8222;Professionell k\u00fcndigen&#8220; (1998\/1999)<\/li>\n<li>Zahlreiche Ver\u00f6ffentlichungen in Fachzeitschriften und Interviews,<\/li>\n<\/ul>\n<p>&nbsp;<\/p>\n<p>[\/et_pb_text][\/et_pb_column][\/et_pb_row][\/et_pb_section]<\/p>\n","protected":false},"excerpt":{"rendered":"<p>Seit 2011 Susanne BollerLL.M., Rechtsanw\u00e4lting und fachanw\u00e4ltin f\u00fcr Arbeitsrechtinfo@boller-law.de+49 6192 \u2013 922 3156Stettiner Weg 15D-65719 Hofheim\/Ts.Mehr erfahrenYour Legal Issues Are Our Business.Criminal \u00a0Curabitur aliquet quam id dui posuere blandit. Curabitur aliquet quam id dui posuere blandit. Vivamus suscipit eget felis porttitor volutpat. Vivamus suscipit tortor eget felis porttitor volutpat. Vivamus suscipit tortor eget felis porttitor [&hellip;]<\/p>\n","protected":false},"author":1,"featured_media":0,"parent":0,"menu_order":0,"comment_status":"closed","ping_status":"closed","template":"","meta":{"_et_pb_use_builder":"on","_et_pb_old_content":"<!-- wp:divi\/placeholder \/-->","_et_gb_content_width":"","footnotes":""},"class_list":["post-11","page","type-page","status-publish","hentry"],"_links":{"self":[{"href":"https:\/\/eloquent-albattani.5-75-184-78.plesk.page\/index.php\/wp-json\/wp\/v2\/pages\/11","targetHints":{"allow":["GET"]}}],"collection":[{"href":"https:\/\/eloquent-albattani.5-75-184-78.plesk.page\/index.php\/wp-json\/wp\/v2\/pages"}],"about":[{"href":"https:\/\/eloquent-albattani.5-75-184-78.plesk.page\/index.php\/wp-json\/wp\/v2\/types\/page"}],"author":[{"embeddable":true,"href":"https:\/\/eloquent-albattani.5-75-184-78.plesk.page\/index.php\/wp-json\/wp\/v2\/users\/1"}],"replies":[{"embeddable":true,"href":"https:\/\/eloquent-albattani.5-75-184-78.plesk.page\/index.php\/wp-json\/wp\/v2\/comments?post=11"}],"version-history":[{"count":15,"href":"https:\/\/eloquent-albattani.5-75-184-78.plesk.page\/index.php\/wp-json\/wp\/v2\/pages\/11\/revisions"}],"predecessor-version":[{"id":131,"href":"https:\/\/eloquent-albattani.5-75-184-78.plesk.page\/index.php\/wp-json\/wp\/v2\/pages\/11\/revisions\/131"}],"wp:attachment":[{"href":"https:\/\/eloquent-albattani.5-75-184-78.plesk.page\/index.php\/wp-json\/wp\/v2\/media?parent=11"}],"curies":[{"name":"wp","href":"https:\/\/api.w.org\/{rel}","templated":true}]}}